{"id":656,"date":"2017-04-04T10:56:22","date_gmt":"2017-04-04T10:56:22","guid":{"rendered":"http:\/\/www.itsalittleart.dk\/?page_id=656\/"},"modified":"2017-04-04T10:56:22","modified_gmt":"2017-04-04T10:56:22","slug":"mi-historia","status":"publish","type":"page","link":"https:\/\/www.itsalittleart.dk\/es\/mi-historia\/","title":{"rendered":"Mi historia"},"content":{"rendered":"<p>[vc_row][vc_column width=\u00bb1\/4&#8243; css=\u00bb.vc_custom_1474919316274{margin-top: 6px !important;}\u00bb][vc_single_image image=\u00bb207&#8243; img_size=\u00bbfull\u00bb css_animation=\u00bbtop-to-bottom\u00bb][\/vc_column][vc_column width=\u00bb3\/4&#8243;][vc_custom_heading source=\u00bbpost_title\u00bb font_container=\u00bbtag:h2|text_align:left|color:%23000000&#8243; google_fonts=\u00bbfont_family:Ubuntu%3A300%2C300italic%2Cregular%2Citalic%2C500%2C500italic%2C700%2C700italic|font_style:400%20regular%3A400%3Anormal\u00bb][vc_column_text css_animation=\u00bbtop-to-bottom\u00bb]Jeg er ekstremt visuel!<br \/>\nJeg har altid vidst jeg skulle male!<br \/>\nI min, noget s\u00e5 us\u00e6dvanligt, som\u00a0<a href=\"http:\/\/www.itsalittleart.dk\/barn\/\" target=\"_blank\"><span style=\"color: #0000ff;\">lykkelige barndom<\/span><\/a> kastede jeg mig altid over farver og papir, blyanter, vandfarver, osv.<br \/>\nHele mit liv har jeg higet efter, og s\u00f8gt hen imod, at arbejde med billeder og billedlige udtryk.<\/p>\n<p>Da jeg skulle i uddannelse s\u00f8gte jeg naturligvis ind p\u00e5 Grafisk linie, men da man skulle s\u00f8ge p\u00e5 to linjer, endte jeg 3\u00bd \u00e5r efter som <a href=\"http:\/\/www.itsalittleart.dk\/maskinarbejdersvend\/\" target=\"_blank\"><span style=\"color: #0000ff;\">Maskinarbejdersvend\u2026<\/span><\/a><br \/>\nJeg sagde op samme dag jeg var udl\u00e6rt!<\/p>\n<p>Det der interesserede mig mest at l\u00e6re i uddannelsen var klart <a href=\"http:\/\/www.itsalittleart.dk\/teknisktegning\/\" target=\"_blank\"><span style=\"color: #0000ff;\">teknisk tegning<\/span><\/a> hvor de eneste topkarakterer ogs\u00e5 faldt\u2026<\/p>\n<p>Jeg tog et kursus som indend\u00f8rsarkitekt samtidig med min uddannelse, igen for at tegne, l\u00e6re perspektivtegning og elementforst\u00e5else.<\/p>\n<p>Jeg kom s\u00e5 p\u00e5 en stor byggeplads som smed og maskinarbejder, men fik hurtigt \u201dkrabbet mig ind\u201d s\u00e5 jeg sad p\u00e5 tegnestuen.<br \/>\nDer, i mit rette element, rettede jeg tegninger, tegnede og byggede modeller af bygningerne.<\/p>\n<p>Jeg flyttede s\u00e5 til K\u00f8benhavn.<br \/>\nJeg fik reng\u00f8ringsjob\u2026<br \/>\nJeg vidste jo godt jeg burde male, men travlhed gjorde at jeg <a href=\"http:\/\/www.itsalittleart.dk\/fotograf-som-ung\/\" target=\"_blank\"><span style=\"color: #0000ff;\">slog mig p\u00e5 foto.<\/span><\/a><br \/>\nJeg begyndte at s\u00e6lge is\u00e6r mine rejsebilleder, og flere af dem endte p\u00e5 forsider\u2026<\/p>\n<p>Jeg arbejdede ogs\u00e5 ofte med diasshows, og senere PowerPoint og Webdesign, igen fordi min interesse jo l\u00e5 i det visuelle.<\/p>\n<p>S\u00e5 kom de endnu mere travle \u00e5r som \u00e6gtemand og <a href=\"http:\/\/www.itsalittleart.dk\/poder\/\" target=\"_blank\"><span style=\"color: #0000ff;\">far for to vidunderlige poder.<\/span><\/a><br \/>\nJeg startede et reng\u00f8rings og vinduespoleringsfirma i 1989, for det kunne jeg jo, og det er drevet med stor succes siden.<br \/>\nEthvert overskud blev straks brugt til rejser, som er den helt store interesse ogs\u00e5. 84 forskellige lande er det blevet til, indtil nu, og der er <a href=\"http:\/\/www.itsalittleart.dk\/rejser\/\" target=\"_blank\"><span style=\"color: #0000ff;\">fotograferet ivrigt overalt<\/span><\/a>.<\/p>\n<p>En dag pudsede jeg vinduer hos en dygtig kunstmaler, ven og musiker, Carsten Dahl.<br \/>\nJeg fik lov at komme med ind og <a href=\"http:\/\/www.itsalittleart.dk\/carsten\/\" target=\"_blank\"><span style=\"color: #0000ff;\">se Carsten male<\/span><\/a>, og jeg blandede mig vidst ivrigt.<br \/>\n\u201dDet blev da meget godt\u201d, udbr\u00f8d han til sidst, \u201dSig mig; maler du?\u201d \u201dJA\u201d, fl\u00f8j det ud af munden p\u00e5 mig. \u201dHvad har du malet?\u201d spurgte han. \u201dIkke noget endnu\u201d svarede jeg, men jeg VED jeg skal\u2026 kan,,, og at jeg VIL,,,!\u201d<\/p>\n<p>DET satte gang i mig!<br \/>\nJeg fandt en mand der solgte alt sit malergrej\u2026 han havde k\u00f8bt det BEDSTE af det bedste grej, men det skulle ikke v\u00e6re alligevel.<br \/>\nFor f\u00e5 tusind kroner fik jeg alt det udstyr jeg skulle bruge&#8230; og s\u00e5 i top kvalitet; lys\u00e6gte oliefarver, h\u00f8rl\u00e6rreder, pensler, spartler staffelier osv. osv\u2026. og S\u00c5 gik jeg i gang!<br \/>\nF\u00f8rste gang i mit liv hvor jeg malede et billed, og hvor jeg satte en klat UltraMarine oliefarve p\u00e5 et h\u00f8rl\u00e6rred, var i juni 2016.<br \/>\n<a href=\"http:\/\/www.itsalittleart.dk\/galleri\/storm\/\" target=\"_blank\"><span style=\"color: #0000ff;\">Resultatet,<\/span><\/a> og den respons jeg fik, gav mig virkelig mod p\u00e5 at forts\u00e6tte!<\/p>\n<p>Nu er ungerne fl\u00f8jet fra reden, og jeg fors\u00f8ger, stadig i h\u00e5rd kamp mod indgroede vaner, at frig\u00f8re tid til det jeg egentlig vil; male!<br \/>\nProblemet er at det jo altid kan vente, og at jeg arbejder bedst under pres, s\u00e5 jeg ELSKER bestillingsopgaver, kommende udstillinger og deadlines ?<\/p>\n<p>Min far var kunstmaler.<br \/>\nDet fandt jeg ud af da jeg endelig m\u00f8dte ham 10 m\u00e5neder f\u00f8r hans d\u00f8d\u2026<br \/>\nSelv om han holdt det mest for sig selv havde han en god streg som jeg sagtens kan genkende lidt\u2026<br \/>\nJeg elsker <a href=\"http:\/\/www.itsalittleart.dk\/harryramsing\/\" target=\"_blank\"><span style=\"color: #0000ff;\">hans malerier<\/span><\/a>, og de vil aldrig forlade mig\u2026<\/p>\n<p>Jeg bruger meget bevist musik n\u00e5r jeg maler.<br \/>\nDet giver b\u00e5de energi, inspiration og fordybelse.<br \/>\nDer er altid knyttet et bestemt musikstykke til mine billeder.<br \/>\nDet kan v\u00e6re <span style=\"color: #0000ff;\"><a style=\"color: #0000ff;\" href=\"http:\/\/www.itsalittleart.dk\/galleri\/storm\/\" target=\"_blank\">det jeg h\u00f8re mens jeg maler<\/a><\/span>, eller <span style=\"color: #0000ff;\"><a style=\"color: #0000ff;\" href=\"https:\/\/www.youtube.com\/watch?v=timWgmeb5Hw\" target=\"_blank\">inspiration f\u00f8r jeg g\u00e5r i gang<\/a><\/span>, eller <span style=\"color: #0000ff;\"><a style=\"color: #0000ff;\" href=\"http:\/\/www.itsalittleart.dk\/galleri\/stranded\/\" target=\"_blank\">det perfekte musikstykke jeg finder efter v\u00e6rket er f\u00e6rdigt.<\/a><\/span><\/p>\n<p>Jeg ved godt en kunstner b\u00f8r \u201dl\u00e6gge sig fast p\u00e5 en stil s\u00e5 man altid kan kende kunstneres v\u00e6rker\u2026\u201d men det n\u00e6gter jeg!<br \/>\nJeg forbeholder mig retten til at lege, udforske, afpr\u00f8ve, udvikle, udfordre,,, og i det hele taget k\u00f8re frem p\u00e5 en alt andet end sikkert, forudsigeligt og stringent m\u00e5de.<\/p>\n<p>Jeg maler alt lige fra v\u00e6rker hvor publikum siger: <span style=\"color: #0000ff;\">\u201d<a style=\"color: #0000ff;\" href=\"http:\/\/www.itsalittleart.dk\/galleri\/little-hope\/\" target=\"_blank\">Er det et foto<\/a>?\u201d<\/span> og til mere <a href=\"http:\/\/www.itsalittleart.dk\/galleri\/pop\/\" target=\"_blank\"><span style=\"color: #0000ff;\">abstrakte v\u00e6rker<\/span><\/a>.<\/p>\n<p>Jeg ved ogs\u00e5 godt at en kunstner ikke skal forelske sig i sine egne v\u00e6rker\u2026 for s\u00e5 ender man jo som kunstsamler\u2026 men hvor ER det sv\u00e6rt at l\u00e6gge hele sin sj\u00e6l, og alle sine evner, i et maleri, og det s\u00e5 straks bliver solgt og g\u00e5r ud af d\u00f8ren, ud i verden\u2026 Jeg pr\u00f8ver at s\u00e6tte prisen s\u00e5 det kompensere lidt, men jeg er ikke gr\u00e5dig og nyder jo at mine v\u00e6rker h\u00e6nger mange steder til gl\u00e6de. Men jeg har sv\u00e6rt ved at slippe, og siger hver gang: \u201dNu m\u00e5 du love mig at sende et billed af <span style=\"color: #0000ff;\"><a style=\"color: #0000ff;\" href=\"http:\/\/www.itsalittleart.dk\/nuhaengerdeher\/\" target=\"_blank\">mit maleri n\u00e5r det er kommet op og h\u00e6nge\u2026<\/a>\u201d<\/span><\/p>\n<p>Og\u00a0hvor jeg s\u00e5 nyder at se at nogen vil have mine v\u00e6rker p\u00e5 deres v\u00e6g!<br \/>\nDet er en gave!<\/p>\n<p>Og hvor er det en stor gave at jeg endelig er landet som kunstmaler!<br \/>\nFor jeg ER ekstremt visuel!<\/p>\n<p>TAK for din interesse![\/vc_column_text][\/vc_column][\/vc_row]<\/p>\n","protected":false},"excerpt":{"rendered":"<p>[vc_row][vc_column width=\u00bb1\/4&#8243; css=\u00bb.vc_custom_1474919316274{margin-top: 6px !important;}\u00bb][vc_single_image image=\u00bb207&#8243; img_size=\u00bbfull\u00bb css_animation=\u00bbtop-to-bottom\u00bb][\/vc_column][vc_column width=\u00bb3\/4&#8243;][vc_custom_heading source=\u00bbpost_title\u00bb font_container=\u00bbtag:h2|text_align:left|color:%23000000&#8243; google_fonts=\u00bbfont_family:Ubuntu%3A300%2C300italic%2Cregular%2Citalic%2C500%2C500italic%2C700%2C700italic|font_style:400%20regular%3A400%3Anormal\u00bb][vc_column_text css_animation=\u00bbtop-to-bottom\u00bb]Jeg er ekstremt visuel! Jeg har altid vidst jeg skulle male! I min, noget s\u00e5 us\u00e6dvanligt, som\u00a0lykkelige barndom kastede jeg mig altid over farver og papir, blyanter, vandfarver, osv. Hele mit liv har jeg higet efter, og s\u00f8gt hen imod, at arbejde med &hellip; <a href=\"https:\/\/www.itsalittleart.dk\/es\/mi-historia\/\" class=\"more-link\">Continuar leyendo<span class=\"screen-reader-text\"> \u00abMi historia\u00bb<\/span><\/a><\/p>\n","protected":false},"author":1,"featured_media":0,"parent":0,"menu_order":0,"comment_status":"closed","ping_status":"closed","template":"","meta":{"footnotes":""},"_links":{"self":[{"href":"https:\/\/www.itsalittleart.dk\/es\/wp-json\/wp\/v2\/pages\/656"}],"collection":[{"href":"https:\/\/www.itsalittleart.dk\/es\/wp-json\/wp\/v2\/pages"}],"about":[{"href":"https:\/\/www.itsalittleart.dk\/es\/wp-json\/wp\/v2\/types\/page"}],"author":[{"embeddable":true,"href":"https:\/\/www.itsalittleart.dk\/es\/wp-json\/wp\/v2\/users\/1"}],"replies":[{"embeddable":true,"href":"https:\/\/www.itsalittleart.dk\/es\/wp-json\/wp\/v2\/comments?post=656"}],"version-history":[{"count":1,"href":"https:\/\/www.itsalittleart.dk\/es\/wp-json\/wp\/v2\/pages\/656\/revisions"}],"predecessor-version":[{"id":657,"href":"https:\/\/www.itsalittleart.dk\/es\/wp-json\/wp\/v2\/pages\/656\/revisions\/657"}],"wp:attachment":[{"href":"https:\/\/www.itsalittleart.dk\/es\/wp-json\/wp\/v2\/media?parent=656"}],"curies":[{"name":"wp","href":"https:\/\/api.w.org\/{rel}","templated":true}]}}